{"id":2,"date":"2012-07-05T19:43:49","date_gmt":"2012-07-05T19:43:49","guid":{"rendered":"https:\/\/lavender-barracuda-636998.hostingersite.com\/?page_id=2"},"modified":"2026-03-19T09:38:44","modified_gmt":"2026-03-19T12:38:44","slug":"a-instituicao","status":"publish","type":"page","link":"https:\/\/sbdpi.org.br\/a-instituicao\/","title":{"rendered":"A Institui\u00e7\u00e3o"},"content":{"rendered":"\t\t<div data-elementor-type=\"wp-page\" data-elementor-id=\"2\" class=\"elementor elementor-2\" data-elementor-post-type=\"page\">\n\t\t\t\t<div class=\"elementor-element elementor-element-26e7672f e-con-full e-flex wpr-particle-no wpr-jarallax-no wpr-parallax-no wpr-sticky-section-no e-con e-parent\" data-id=\"26e7672f\" data-element_type=\"container\" data-e-type=\"container\">\n\t\t\t\t<div class=\"elementor-element elementor-element-385d041c elementor-widget elementor-widget-text-editor\" data-id=\"385d041c\" data-element_type=\"widget\" data-e-type=\"widget\" data-widget_type=\"text-editor.default\">\n\t\t\t\t<div class=\"elementor-widget-container\">\n\t\t\t\t\t\t\t\t\t<p style=\"text-align: left;\">Os associados da SBD no Estado do Piau\u00ed t\u00eam na Regional sua representa\u00e7\u00e3o perante a sociedade e nas fun\u00e7\u00f5es deliberativas da Nacional.<\/p>\n<div style=\"text-align: left;\"><span style=\"color: #238561;\"><strong>Sobre a SBD &#8211; Nacional<\/strong><\/span><\/div>\n<div style=\"text-align: left;\">A SBD \u00e9 a \u00fanica institui\u00e7\u00e3o reconhecida oficialmente pelo Conselho Federal de Medicina e pela Associa\u00e7\u00e3o M\u00e9dica Brasileira como representante dos dermatologistas no pa\u00eds. Al\u00e9m disso, \u00e9 a segunda maior sociedade dermatol\u00f3gica no mundo, com 6 mil associados e presente em 23 estados brasileiros por interm\u00e9dio de suas regionais, bem como em 67 hospitais universit\u00e1rios credenciados \u00e0 institui\u00e7\u00e3o.<\/div>\n\n<p style=\"text-align: left;\"><span style=\"color: #238561;\"><strong>O que fazemos<\/strong><\/span><\/p>\n<p style=\"text-align: left;\">A SBD contribui para a orienta\u00e7\u00e3o e sele\u00e7\u00e3o de aspectos m\u00e9dicos-sociais da Dermatologia; delimita\u00e7\u00e3o de \u00e1rea de atividade do dermatologista e outros assuntos de interesse do exerc\u00edcio da profiss\u00e3o para a sociedade, como por exemplo, ser o canal de refer\u00eancia para propor, \u00e0s entidades competentes, medidas a fim de preservar, disciplinar e fiscalizar o exerc\u00edcio da Dermatologia.<\/p>\n\n<p style=\"text-align: left;\"><strong><span style=\"color: #238561;\">Presidente:<\/span>\u00a0<\/strong>Giovanna Paulo<br \/><span style=\"color: #238561;\"><strong>Vice-Presidente:<\/strong>\u00a0<\/span>Thales Costa Bastos<br \/><span style=\"color: #238561;\"><strong>Tesoureira:<\/strong><\/span>\u00a0Sheila Viana Castelo Branco<br \/><span style=\"color: #238561;\"><strong>1\u00aa Secret\u00e1ria:<\/strong><\/span>\u00a0Danielle Sampaio<br \/><strong><span style=\"color: #238561;\">2\u00aa Secret\u00e1ria:<\/span>\u00a0<\/strong>Y\u00e1scara Lages<br \/><span style=\"color: #238561;\"><strong>Bibliotec\u00e1ria:<\/strong><\/span>\u00a0Caroline Baima de Melo<br \/><strong><span style=\"color: #238561;\">Delegada:<\/span>\u00a0<\/strong>Ana L\u00facia Fran\u00e7a da Costa<\/p>\n\n<p style=\"text-align: left;\"><\/p>\n\t\t\t\t\t\t\t\t<\/div>\n\t\t\t\t<\/div>\n\t\t\t\t<div class=\"elementor-element elementor-element-7a48b21 elementor-widget elementor-widget-gallery\" data-id=\"7a48b21\" data-element_type=\"widget\" data-e-type=\"widget\" data-settings=\"{&quot;aspect_ratio&quot;:&quot;9:16&quot;,&quot;lazyload&quot;:&quot;yes&quot;,&quot;gallery_layout&quot;:&quot;grid&quot;,&quot;columns&quot;:4,&quot;columns_tablet&quot;:2,&quot;columns_mobile&quot;:1,&quot;gap&quot;:{&quot;unit&quot;:&quot;px&quot;,&quot;size&quot;:10,&quot;sizes&quot;:[]},&quot;gap_tablet&quot;:{&quot;unit&quot;:&quot;px&quot;,&quot;size&quot;:10,&quot;sizes&quot;:[]},&quot;gap_mobile&quot;:{&quot;unit&quot;:&quot;px&quot;,&quot;size&quot;:10,&quot;sizes&quot;:[]},&quot;link_to&quot;:&quot;file&quot;,&quot;overlay_background&quot;:&quot;yes&quot;,&quot;content_hover_animation&quot;:&quot;fade-in&quot;}\" data-widget_type=\"gallery.default\">\n\t\t\t\t<div class=\"elementor-widget-container\">\n\t\t\t\t\t\t\t<div class=\"elementor-gallery__container\">\n\t\t\t\t\t\t\t<a class=\"e-gallery-item elementor-gallery-item elementor-animated-content\" href=\"https:\/\/sbdpi.org.br\/wp-content\/uploads\/2026\/03\/DRA.-GIOVANNA-PAULO.png\" data-elementor-open-lightbox=\"yes\" data-elementor-lightbox-slideshow=\"7a48b21\" data-elementor-lightbox-title=\"DRA. GIOVANNA PAULO\" data-e-action-hash=\"#elementor-action%3Aaction%3Dlightbox%26settings%3DeyJpZCI6MzIxMywidXJsIjoiaHR0cHM6XC9cL3NiZHBpLm9yZy5iclwvd3AtY29udGVudFwvdXBsb2Fkc1wvMjAyNlwvMDNcL0RSQS4tR0lPVkFOTkEtUEFVTE8ucG5nIiwic2xpZGVzaG93IjoiN2E0OGIyMSJ9\">\n\t\t\t\t\t<div class=\"e-gallery-image elementor-gallery-item__image\" data-thumbnail=\"https:\/\/sbdpi.org.br\/wp-content\/uploads\/2026\/03\/DRA.-GIOVANNA-PAULO.png\" data-width=\"1080\" data-height=\"1980\" aria-label=\"\" role=\"img\" ><\/div>\n\t\t\t\t\t\t\t\t\t\t\t<div class=\"elementor-gallery-item__overlay\"><\/div>\n\t\t\t\t\t\t\t\t\t\t\t\t\t\t<\/a>\n\t\t\t\t\t\t\t<a class=\"e-gallery-item elementor-gallery-item elementor-animated-content\" href=\"https:\/\/sbdpi.org.br\/wp-content\/uploads\/2026\/03\/DR.-THALES-BASTOS.png\" data-elementor-open-lightbox=\"yes\" data-elementor-lightbox-slideshow=\"7a48b21\" data-elementor-lightbox-title=\"DR. THALES BASTOS\" data-e-action-hash=\"#elementor-action%3Aaction%3Dlightbox%26settings%3DeyJpZCI6MzIwOSwidXJsIjoiaHR0cHM6XC9cL3NiZHBpLm9yZy5iclwvd3AtY29udGVudFwvdXBsb2Fkc1wvMjAyNlwvMDNcL0RSLi1USEFMRVMtQkFTVE9TLnBuZyIsInNsaWRlc2hvdyI6IjdhNDhiMjEifQ%3D%3D\">\n\t\t\t\t\t<div class=\"e-gallery-image elementor-gallery-item__image\" data-thumbnail=\"https:\/\/sbdpi.org.br\/wp-content\/uploads\/2026\/03\/DR.-THALES-BASTOS.png\" data-width=\"1080\" data-height=\"1980\" aria-label=\"\" role=\"img\" ><\/div>\n\t\t\t\t\t\t\t\t\t\t\t<div class=\"elementor-gallery-item__overlay\"><\/div>\n\t\t\t\t\t\t\t\t\t\t\t\t\t\t<\/a>\n\t\t\t\t\t\t\t<a class=\"e-gallery-item elementor-gallery-item elementor-animated-content\" href=\"https:\/\/sbdpi.org.br\/wp-content\/uploads\/2026\/03\/DRA.-SHEILA-CASTELO-BRANCO.png\" data-elementor-open-lightbox=\"yes\" data-elementor-lightbox-slideshow=\"7a48b21\" data-elementor-lightbox-title=\"DRA. SHEILA CASTELO BRANCO\" data-e-action-hash=\"#elementor-action%3Aaction%3Dlightbox%26settings%3DeyJpZCI6MzIxNCwidXJsIjoiaHR0cHM6XC9cL3NiZHBpLm9yZy5iclwvd3AtY29udGVudFwvdXBsb2Fkc1wvMjAyNlwvMDNcL0RSQS4tU0hFSUxBLUNBU1RFTE8tQlJBTkNPLnBuZyIsInNsaWRlc2hvdyI6IjdhNDhiMjEifQ%3D%3D\">\n\t\t\t\t\t<div class=\"e-gallery-image elementor-gallery-item__image\" data-thumbnail=\"https:\/\/sbdpi.org.br\/wp-content\/uploads\/2026\/03\/DRA.-SHEILA-CASTELO-BRANCO.png\" data-width=\"1080\" data-height=\"1980\" aria-label=\"\" role=\"img\" ><\/div>\n\t\t\t\t\t\t\t\t\t\t\t<div class=\"elementor-gallery-item__overlay\"><\/div>\n\t\t\t\t\t\t\t\t\t\t\t\t\t\t<\/a>\n\t\t\t\t\t\t\t<a class=\"e-gallery-item elementor-gallery-item elementor-animated-content\" href=\"https:\/\/sbdpi.org.br\/wp-content\/uploads\/2026\/03\/DRA.-DANIELLE-SAMPAIO.png\" data-elementor-open-lightbox=\"yes\" data-elementor-lightbox-slideshow=\"7a48b21\" data-elementor-lightbox-title=\"DRA. DANIELLE SAMPAIO\" data-e-action-hash=\"#elementor-action%3Aaction%3Dlightbox%26settings%3DeyJpZCI6MzIxMiwidXJsIjoiaHR0cHM6XC9cL3NiZHBpLm9yZy5iclwvd3AtY29udGVudFwvdXBsb2Fkc1wvMjAyNlwvMDNcL0RSQS4tREFOSUVMTEUtU0FNUEFJTy5wbmciLCJzbGlkZXNob3ciOiI3YTQ4YjIxIn0%3D\">\n\t\t\t\t\t<div class=\"e-gallery-image elementor-gallery-item__image\" data-thumbnail=\"https:\/\/sbdpi.org.br\/wp-content\/uploads\/2026\/03\/DRA.-DANIELLE-SAMPAIO.png\" data-width=\"1080\" data-height=\"1980\" aria-label=\"\" role=\"img\" ><\/div>\n\t\t\t\t\t\t\t\t\t\t\t<div class=\"elementor-gallery-item__overlay\"><\/div>\n\t\t\t\t\t\t\t\t\t\t\t\t\t\t<\/a>\n\t\t\t\t\t\t\t<a class=\"e-gallery-item elementor-gallery-item elementor-animated-content\" href=\"https:\/\/sbdpi.org.br\/wp-content\/uploads\/2026\/03\/DRA.-YASCARA-LAGES.png\" data-elementor-open-lightbox=\"yes\" data-elementor-lightbox-slideshow=\"7a48b21\" data-elementor-lightbox-title=\"DRA. YASCARA LAGES\" data-e-action-hash=\"#elementor-action%3Aaction%3Dlightbox%26settings%3DeyJpZCI6MzIxNSwidXJsIjoiaHR0cHM6XC9cL3NiZHBpLm9yZy5iclwvd3AtY29udGVudFwvdXBsb2Fkc1wvMjAyNlwvMDNcL0RSQS4tWUFTQ0FSQS1MQUdFUy5wbmciLCJzbGlkZXNob3ciOiI3YTQ4YjIxIn0%3D\">\n\t\t\t\t\t<div class=\"e-gallery-image elementor-gallery-item__image\" data-thumbnail=\"https:\/\/sbdpi.org.br\/wp-content\/uploads\/2026\/03\/DRA.-YASCARA-LAGES.png\" data-width=\"1080\" data-height=\"1980\" aria-label=\"\" role=\"img\" ><\/div>\n\t\t\t\t\t\t\t\t\t\t\t<div class=\"elementor-gallery-item__overlay\"><\/div>\n\t\t\t\t\t\t\t\t\t\t\t\t\t\t<\/a>\n\t\t\t\t\t\t\t<a class=\"e-gallery-item elementor-gallery-item elementor-animated-content\" href=\"https:\/\/sbdpi.org.br\/wp-content\/uploads\/2026\/03\/DRA.-CAROLINA-BAIMA.png\" data-elementor-open-lightbox=\"yes\" data-elementor-lightbox-slideshow=\"7a48b21\" data-elementor-lightbox-title=\"DRA. CAROLINA BAIMA\" data-e-action-hash=\"#elementor-action%3Aaction%3Dlightbox%26settings%3DeyJpZCI6MzIxMSwidXJsIjoiaHR0cHM6XC9cL3NiZHBpLm9yZy5iclwvd3AtY29udGVudFwvdXBsb2Fkc1wvMjAyNlwvMDNcL0RSQS4tQ0FST0xJTkEtQkFJTUEucG5nIiwic2xpZGVzaG93IjoiN2E0OGIyMSJ9\">\n\t\t\t\t\t<div class=\"e-gallery-image elementor-gallery-item__image\" data-thumbnail=\"https:\/\/sbdpi.org.br\/wp-content\/uploads\/2026\/03\/DRA.-CAROLINA-BAIMA.png\" data-width=\"1080\" data-height=\"1980\" aria-label=\"\" role=\"img\" ><\/div>\n\t\t\t\t\t\t\t\t\t\t\t<div class=\"elementor-gallery-item__overlay\"><\/div>\n\t\t\t\t\t\t\t\t\t\t\t\t\t\t<\/a>\n\t\t\t\t\t\t\t<a class=\"e-gallery-item elementor-gallery-item elementor-animated-content\" href=\"https:\/\/sbdpi.org.br\/wp-content\/uploads\/2026\/03\/DRA.-ANA-LUCIA-FRANCA.png\" data-elementor-open-lightbox=\"yes\" data-elementor-lightbox-slideshow=\"7a48b21\" data-elementor-lightbox-title=\"DRA. ANA LUCIA FRANCA\" data-e-action-hash=\"#elementor-action%3Aaction%3Dlightbox%26settings%3DeyJpZCI6MzIxMCwidXJsIjoiaHR0cHM6XC9cL3NiZHBpLm9yZy5iclwvd3AtY29udGVudFwvdXBsb2Fkc1wvMjAyNlwvMDNcL0RSQS4tQU5BLUxVQ0lBLUZSQU5DQS5wbmciLCJzbGlkZXNob3ciOiI3YTQ4YjIxIn0%3D\">\n\t\t\t\t\t<div class=\"e-gallery-image elementor-gallery-item__image\" data-thumbnail=\"https:\/\/sbdpi.org.br\/wp-content\/uploads\/2026\/03\/DRA.-ANA-LUCIA-FRANCA.png\" data-width=\"1080\" data-height=\"1980\" aria-label=\"\" role=\"img\" ><\/div>\n\t\t\t\t\t\t\t\t\t\t\t<div class=\"elementor-gallery-item__overlay\"><\/div>\n\t\t\t\t\t\t\t\t\t\t\t\t\t\t<\/a>\n\t\t\t\t\t<\/div>\n\t\t\t\t\t<\/div>\n\t\t\t\t<\/div>\n\t\t\t\t<div class=\"elementor-element elementor-element-202fcde elementor-widget elementor-widget-text-editor\" data-id=\"202fcde\" data-element_type=\"widget\" data-e-type=\"widget\" data-widget_type=\"text-editor.default\">\n\t\t\t\t<div class=\"elementor-widget-container\">\n\t\t\t\t\t\t\t\t\t<!-- \/wp:paragraph --><!-- wp:image {\"id\":2526,\"width\":\"420px\",\"sizeSlug\":\"large\",\"linkDestination\":\"media\",\"align\":\"center\"} --><!-- \/wp:image --><!-- wp:image {\"id\":2527,\"width\":\"420px\",\"sizeSlug\":\"large\",\"linkDestination\":\"media\",\"align\":\"center\"} --><!-- \/wp:image --><!-- wp:image {\"id\":2528,\"width\":\"420px\",\"sizeSlug\":\"large\",\"linkDestination\":\"media\",\"align\":\"center\"} --><!-- \/wp:image --><!-- wp:image {\"id\":2529,\"width\":\"420px\",\"sizeSlug\":\"large\",\"linkDestination\":\"media\",\"align\":\"center\"} --><!-- \/wp:image --><!-- wp:image {\"id\":2530,\"width\":\"420px\",\"sizeSlug\":\"large\",\"linkDestination\":\"media\",\"align\":\"center\"} --><!-- \/wp:image --><!-- wp:image {\"id\":2531,\"width\":\"420px\",\"sizeSlug\":\"large\",\"linkDestination\":\"media\",\"align\":\"center\"} --><!-- \/wp:image --><!-- wp:image {\"id\":2532,\"width\":\"420px\",\"sizeSlug\":\"large\",\"linkDestination\":\"media\",\"align\":\"center\"} --><!-- \/wp:image --><!-- wp:paragraph -->\n<p><span style=\"color: #238561;\"><strong>SOCIEDADE BRASILEIRA DE DERMATOLOGIA &#8211; REGIONAL PIAU\u00cd<\/strong><\/span><br \/>CNPJ 07.789.875\/0001-63<br \/><br \/><span style=\"color: #238561;\"><strong>Entre em contato:<\/strong><\/span><br \/>Telefone: <a rel=\"noreferrer noopener\" href=\"https:\/\/api.whatsapp.com\/send?phone=5586995213214\" target=\"_blank\">86 99521-3214<\/a><br \/>E-mail: presidentesbd.pi@gmail.com<\/p>\n<!-- \/wp:paragraph --><!-- wp:paragraph -->\n<p><span style=\"color: #238561;\"><strong>SOCIEDADE BRASILEIRA DE DERMATOLOGIA<\/strong><\/span><br \/>Avenida Rio Branco, 39 \u2013 18\u00ba andar &#8211; CEP 20090-003<br \/>Rio de Janeiro &#8211; RJ<\/p>\n<!-- \/wp:paragraph --><!-- wp:paragraph -->\n<p><\/p>\n<!-- \/wp:paragraph -->\t\t\t\t\t\t\t\t<\/div>\n\t\t\t\t<\/div>\n\t\t\t\t<\/div>\n\t\t\t\t<\/div>\n\t\t","protected":false},"excerpt":{"rendered":"<p>Os associados da SBD no Estado do Piau\u00ed t\u00eam na Regional sua representa\u00e7\u00e3o perante a sociedade e nas fun\u00e7\u00f5es deliberativas da Nacional. Sobre a SBD &#8211; Nacional A SBD \u00e9 a \u00fanica institui\u00e7\u00e3o reconhecida oficialmente pelo Conselho Federal de Medicina e pela Associa\u00e7\u00e3o M\u00e9dica Brasileira como representante dos dermatologistas no<\/p>\n","protected":false},"author":102,"featured_media":0,"parent":0,"menu_order":0,"comment_status":"closed","ping_status":"closed","template":"","meta":{"footnotes":""},"class_list":["post-2","page","type-page","status-publish","hentry"],"acf":[],"_links":{"self":[{"href":"https:\/\/sbdpi.org.br\/wp-json\/wp\/v2\/pages\/2","targetHints":{"allow":["GET"]}}],"collection":[{"href":"https:\/\/sbdpi.org.br\/wp-json\/wp\/v2\/pages"}],"about":[{"href":"https:\/\/sbdpi.org.br\/wp-json\/wp\/v2\/types\/page"}],"author":[{"embeddable":true,"href":"https:\/\/sbdpi.org.br\/wp-json\/wp\/v2\/users\/102"}],"replies":[{"embeddable":true,"href":"https:\/\/sbdpi.org.br\/wp-json\/wp\/v2\/comments?post=2"}],"version-history":[{"count":9,"href":"https:\/\/sbdpi.org.br\/wp-json\/wp\/v2\/pages\/2\/revisions"}],"predecessor-version":[{"id":3250,"href":"https:\/\/sbdpi.org.br\/wp-json\/wp\/v2\/pages\/2\/revisions\/3250"}],"wp:attachment":[{"href":"https:\/\/sbdpi.org.br\/wp-json\/wp\/v2\/media?parent=2"}],"curies":[{"name":"wp","href":"https:\/\/api.w.org\/{rel}","templated":true}]}}